{"id":8,"date":"2024-07-31T18:53:03","date_gmt":"2024-07-31T18:53:03","guid":{"rendered":"https:\/\/cofama.com.br\/membros\/?page_id=8"},"modified":"2026-02-25T00:52:07","modified_gmt":"2026-02-25T00:52:07","slug":"home","status":"publish","type":"page","link":"https:\/\/cofama.com.br\/membros\/","title":{"rendered":"Home"},"content":{"rendered":"\t\t<div data-elementor-type=\"wp-page\" data-elementor-id=\"8\" class=\"elementor elementor-8\" data-elementor-post-type=\"page\">\n\t\t\t\t<div class=\"elementor-element elementor-element-aae0e3f e-flex e-con-boxed e-con e-parent\" data-id=\"aae0e3f\" data-element_type=\"container\" data-settings=\"{&quot;background_background&quot;:&quot;classic&quot;}\">\n\t\t\t\t\t<div class=\"e-con-inner\">\n\t\t\t\t<div class=\"elementor-element elementor-element-e6f7b30 elementor-widget__width-inherit elementor-widget elementor-widget-heading\" data-id=\"e6f7b30\" data-element_type=\"widget\" data-widget_type=\"heading.default\">\n\t\t\t\t<div class=\"elementor-widget-container\">\n\t\t\t<h2 class=\"elementor-heading-title elementor-size-default\">Bem-vindo \u00e0 \u00c1rea de Membros<\/h2>\t\t<\/div>\n\t\t\t\t<\/div>\n\t\t\t\t<div class=\"elementor-element elementor-element-c476dda elementor-widget__width-inherit elementor-widget elementor-widget-text-editor\" data-id=\"c476dda\" data-element_type=\"widget\" data-widget_type=\"text-editor.default\">\n\t\t\t\t<div class=\"elementor-widget-container\">\n\t\t\t\t\t\t\t<p>Preparamos uma \u00e1rea de membros para nossos clientes, onde disponibilizamos diversos materiais e dicas.<\/p>\t\t\t\t\t\t<\/div>\n\t\t\t\t<\/div>\n\t\t\t\t<div class=\"elementor-element elementor-element-bfdf1a9 elementor-align-center elementor-widget elementor-widget-button\" data-id=\"bfdf1a9\" data-element_type=\"widget\" data-widget_type=\"button.default\">\n\t\t\t\t<div class=\"elementor-widget-container\">\n\t\t\t\t\t\t\t<div class=\"elementor-button-wrapper\">\n\t\t\t\t\t<a class=\"elementor-button elementor-button-link elementor-size-sm\" href=\"https:\/\/cofama.com.br\/membros\/login\/\">\n\t\t\t\t\t\t<span class=\"elementor-button-content-wrapper\">\n\t\t\t\t\t\t\t\t\t<span class=\"elementor-button-text\">Fazer Login<\/span>\n\t\t\t\t\t<\/span>\n\t\t\t\t\t<\/a>\n\t\t\t\t<\/div>\n\t\t\t\t\t\t<\/div>\n\t\t\t\t<\/div>\n\t\t\t\t<div class=\"elementor-element elementor-element-7a66b71 elementor-align-center elementor-widget elementor-widget-button\" data-id=\"7a66b71\" data-element_type=\"widget\" data-widget_type=\"button.default\">\n\t\t\t\t<div class=\"elementor-widget-container\">\n\t\t\t\t\t\t\t<div class=\"elementor-button-wrapper\">\n\t\t\t\t\t<a class=\"elementor-button elementor-button-link elementor-size-sm\" href=\"https:\/\/wa.me\/5544991575730?text=Ol%C3%A1%2C%20gostaria%20de%20solicitar%20meu%20cadastro%20para%20a%20%C3%A1rea%20de%20membros.\" target=\"_blank\">\n\t\t\t\t\t\t<span class=\"elementor-button-content-wrapper\">\n\t\t\t\t\t\t\t\t\t<span class=\"elementor-button-text\">SOLICITAR CADASTRO<\/span>\n\t\t\t\t\t<\/span>\n\t\t\t\t\t<\/a>\n\t\t\t\t<\/div>\n\t\t\t\t\t\t<\/div>\n\t\t\t\t<\/div>\n\t\t\t\t\t<\/div>\n\t\t\t\t<\/div>\n\t\t<div class=\"elementor-element elementor-element-a3afd2c e-grid e-con-boxed e-con e-parent\" data-id=\"a3afd2c\" data-element_type=\"container\">\n\t\t\t\t\t<div class=\"e-con-inner\">\n\t\t\t\t<div class=\"elementor-element elementor-element-dcf0c8a elementor-view-default elementor-position-top elementor-widget elementor-widget-icon-box\" data-id=\"dcf0c8a\" data-element_type=\"widget\" data-widget_type=\"icon-box.default\">\n\t\t\t\t<div class=\"elementor-widget-container\">\n\t\t\t\t\t<div class=\"elementor-icon-box-wrapper\">\n\n\t\t\t\t\t\t<div class=\"elementor-icon-box-icon\">\n\t\t\t\t<span  class=\"elementor-icon elementor-animation-float\">\n\t\t\t\t<svg xmlns=\"http:\/\/www.w3.org\/2000\/svg\" xmlns:xlink=\"http:\/\/www.w3.org\/1999\/xlink\" width=\"512\" height=\"512\" x=\"0\" y=\"0\" viewBox=\"0 0 64 64\" style=\"enable-background:new 0 0 512 512\" xml:space=\"preserve\" class=\"\"><g><g data-name=\"20-manual\"><path d=\"M32 54a.993.993 0 0 1-.581-.187C24.266 48.7 14.975 48 6 48a1 1 0 0 1-1-1V3a1 1 0 0 1 1-1c9.072 0 18.481.712 26 5.783C39.519 2.712 48.928 2 58 2a1 1 0 0 1 1 1v33h-2V4c-8.661.056-17.531.891-24.419 5.81a1 1 0 0 1-1.162 0C24.531 4.894 15.661 4.059 7 4v42c8.761.056 17.757.9 25 5.78a27.824 27.824 0 0 1 4.606-2.5l.788 1.838a25.668 25.668 0 0 0-4.813 2.688A.993.993 0 0 1 32 54Z\" fill=\"#20003E\" opacity=\"1\" data-original=\"#000000\"><\/path><path d=\"M26.606 41.919C22.589 40.2 17.763 39.3 10.956 39l.088-2c7.059.311 12.1 1.262 16.35 3.08ZM26.606 36.919C22.589 35.2 17.763 34.3 10.956 34l.088-2c7.059.311 12.1 1.262 16.35 3.08ZM26.606 31.919C22.589 30.2 17.763 29.3 10.956 29l.088-2c7.059.311 12.1 1.262 16.35 3.08ZM26.606 26.919C22.589 25.2 17.763 24.3 10.956 24l.088-2c7.059.311 12.1 1.262 16.35 3.08ZM26.606 21.919C22.589 20.2 17.763 19.3 10.956 19l.088-2c7.059.311 12.1 1.262 16.35 3.08ZM26.606 16.919C22.589 15.2 17.763 14.3 10.956 14l.088-2c7.059.311 12.1 1.262 16.35 3.08ZM37.394 36.919l-.788-1.838c4.249-1.818 9.291-2.769 16.35-3.08l.088 2c-6.807.299-11.633 1.199-15.65 2.918ZM37.394 31.919l-.788-1.838c4.249-1.818 9.291-2.769 16.35-3.08l.088 2c-6.807.299-11.633 1.199-15.65 2.918ZM37.394 26.919l-.788-1.838c4.249-1.818 9.291-2.769 16.35-3.08l.088 2c-6.807.299-11.633 1.199-15.65 2.918ZM37.394 21.919l-.788-1.838c4.249-1.818 9.291-2.769 16.35-3.08l.088 2c-6.807.299-11.633 1.199-15.65 2.918ZM37.394 16.919l-.788-1.838c4.249-1.818 9.291-2.769 16.35-3.08l.088 2c-6.807.299-11.633 1.199-15.65 2.918ZM31 9h2v48h-2z\" fill=\"#20003E\" opacity=\"1\" data-original=\"#000000\"><\/path><path d=\"M38 58H5a5.006 5.006 0 0 1-5-5V11a5.006 5.006 0 0 1 5-5h1v2H5a3 3 0 0 0-3 3v42a3 3 0 0 0 3 3h33ZM64 39h-2V11a3 3 0 0 0-3-3h-1V6h1a5.006 5.006 0 0 1 5 5ZM53 62h-4a1 1 0 0 1-1-1v-2.466a9.786 9.786 0 0 1-1.619-.673l-1.745 1.745a1 1 0 0 1-1.414 0l-2.828-2.828a1 1 0 0 1 0-1.414l1.745-1.745A9.786 9.786 0 0 1 41.466 52H39a1 1 0 0 1-1-1v-4a1 1 0 0 1 1-1h2.466a9.786 9.786 0 0 1 .673-1.619l-1.745-1.745a1 1 0 0 1 0-1.414l2.828-2.828a1 1 0 0 1 1.414 0l1.745 1.745A9.858 9.858 0 0 1 48 39.466V37a1 1 0 0 1 1-1h4a1 1 0 0 1 1 1v2.466a9.858 9.858 0 0 1 1.619.673l1.745-1.745a1 1 0 0 1 1.414 0l2.828 2.828a1 1 0 0 1 0 1.414l-1.745 1.745A9.786 9.786 0 0 1 60.534 46H63a1 1 0 0 1 1 1v4a1 1 0 0 1-1 1h-2.466a9.786 9.786 0 0 1-.673 1.619l1.745 1.745a1 1 0 0 1 0 1.414l-2.828 2.828a1 1 0 0 1-1.414 0l-1.745-1.745a9.786 9.786 0 0 1-1.619.673V61a1 1 0 0 1-1 1Zm-3-2h2v-2.23a1 1 0 0 1 .778-.975 7.964 7.964 0 0 0 2.474-1.027 1 1 0 0 1 1.24.138l1.579 1.579 1.414-1.414-1.579-1.579a1 1 0 0 1-.138-1.24 7.964 7.964 0 0 0 1.032-2.474 1 1 0 0 1 .97-.778H62v-2h-2.23a1 1 0 0 1-.975-.778 7.964 7.964 0 0 0-1.027-2.474 1 1 0 0 1 .138-1.24l1.579-1.579-1.414-1.414-1.579 1.579a1 1 0 0 1-1.239.139 7.988 7.988 0 0 0-2.475-1.028A1 1 0 0 1 52 40.23V38h-2v2.23a1 1 0 0 1-.778.975 7.988 7.988 0 0 0-2.475 1.028 1 1 0 0 1-1.239-.139l-1.579-1.579-1.414 1.414 1.579 1.579a1 1 0 0 1 .138 1.24 7.964 7.964 0 0 0-1.027 2.474 1 1 0 0 1-.975.778H40v2h2.23a1 1 0 0 1 .975.778 7.964 7.964 0 0 0 1.027 2.474 1 1 0 0 1-.138 1.24l-1.579 1.579 1.414 1.414 1.579-1.579a1 1 0 0 1 1.24-.138 7.964 7.964 0 0 0 2.474 1.032 1 1 0 0 1 .778.97Z\" fill=\"#20003E\" opacity=\"1\" data-original=\"#000000\"><\/path><path d=\"M51 55a6 6 0 1 1 6-6 6.006 6.006 0 0 1-6 6Zm0-10a4 4 0 1 0 4 4 4 4 0 0 0-4-4ZM32 54H9a1 1 0 0 1-1-1v-6h2v5h22Z\" fill=\"#20003E\" opacity=\"1\" data-original=\"#000000\"><\/path><\/g><\/g><\/svg>\t\t\t\t<\/span>\n\t\t\t<\/div>\n\t\t\t\n\t\t\t\t\t\t<div class=\"elementor-icon-box-content\">\n\n\t\t\t\t\t\t\t\t\t<h3 class=\"elementor-icon-box-title\">\n\t\t\t\t\t\t<span  >\n\t\t\t\t\t\t\tManual\t\t\t\t\t\t<\/span>\n\t\t\t\t\t<\/h3>\n\t\t\t\t\n\t\t\t\t\n\t\t\t<\/div>\n\t\t\t\n\t\t<\/div>\n\t\t\t\t<\/div>\n\t\t\t\t<\/div>\n\t\t\t\t<div class=\"elementor-element elementor-element-1184a2b elementor-view-default elementor-position-top elementor-widget elementor-widget-icon-box\" data-id=\"1184a2b\" data-element_type=\"widget\" data-widget_type=\"icon-box.default\">\n\t\t\t\t<div class=\"elementor-widget-container\">\n\t\t\t\t\t<div class=\"elementor-icon-box-wrapper\">\n\n\t\t\t\t\t\t<div class=\"elementor-icon-box-icon\">\n\t\t\t\t<span  class=\"elementor-icon elementor-animation-float\">\n\t\t\t\t<svg xmlns=\"http:\/\/www.w3.org\/2000\/svg\" xmlns:xlink=\"http:\/\/www.w3.org\/1999\/xlink\" width=\"512\" height=\"512\" x=\"0\" y=\"0\" viewBox=\"0 0 91 91\" style=\"enable-background:new 0 0 512 512\" xml:space=\"preserve\" class=\"\"><g><path d=\"M45.51 69.7a1.29 1.29 0 0 1-.54-.12l-22.87-11a1.26 1.26 0 0 1-.7-1.12V32.84a1.24 1.24 0 0 1 1.78-1.12l22.87 11a1.26 1.26 0 0 1 .7 1.12v24.62a1.24 1.24 0 0 1-.58 1.05 1.21 1.21 0 0 1-.66.19zm-21.63-13 20.39 9.82V44.63l-20.39-9.82z\" fill=\"#20003E\" opacity=\"1\" data-original=\"#000000\" class=\"\"><\/path><path d=\"M45.51 45.07A1.25 1.25 0 0 1 45 45L22.13 34a1.23 1.23 0 0 1 0-2.23L45 20.72a1.25 1.25 0 0 1 1.07 0l22.87 11a1.24 1.24 0 0 1 .7 1.12 1.23 1.23 0 0 1-.7 1.11L46 45a1.24 1.24 0 0 1-.49.07zm-20-12.24 20 9.63 20-9.61-20-9.64z\" fill=\"#20003E\" opacity=\"1\" data-original=\"#000000\" class=\"\"><\/path><path d=\"M45.51 69.7a1.21 1.21 0 0 1-.66-.19 1.24 1.24 0 0 1-.58-1.05V43.85a1.24 1.24 0 0 1 .7-1.12l22.87-11a1.24 1.24 0 0 1 1.78 1.12v24.6a1.24 1.24 0 0 1-.7 1.12L46 69.58a1.24 1.24 0 0 1-.49.12zm1.24-25.07v21.86l20.39-9.82V34.81zM34.07 39.57a1.24 1.24 0 0 1-.54-2.35l22.88-11a1.24 1.24 0 0 1 1.65.58 1.23 1.23 0 0 1-.58 1.65l-22.87 11a1.32 1.32 0 0 1-.54.12zM37.14 50.37a1.25 1.25 0 0 1-.54-.12L29.85 47a1.23 1.23 0 0 1-.58-1.65 1.24 1.24 0 0 1 1.65-.58L37.67 48a1.24 1.24 0 0 1-.53 2.35z\" fill=\"#20003E\" opacity=\"1\" data-original=\"#000000\" class=\"\"><\/path><path d=\"M7.94 61.73A1.24 1.24 0 0 1 6.79 61 41.73 41.73 0 0 1 78 19.21a1.24 1.24 0 1 1-1.92 1.56A39.25 39.25 0 0 0 9.09 60a1.24 1.24 0 0 1-1.15 1.7zM45.56 87.09A41.69 41.69 0 0 1 13 71.56 1.24 1.24 0 0 1 15 70a39.25 39.25 0 0 0 66.78-39.64 1.24 1.24 0 1 1 2.29-.95 42 42 0 0 1-12.38 48.47 41.52 41.52 0 0 1-26.13 9.21z\" fill=\"#20003E\" opacity=\"1\" data-original=\"#000000\" class=\"\"><\/path><path d=\"M77.14 21.32H77l-11.55-1.25a1.24 1.24 0 0 1 .27-2.46L76 18.72 77.15 8.4a1.24 1.24 0 1 1 2.46.27l-1.24 11.55a1.24 1.24 0 0 1-.46.83 1.21 1.21 0 0 1-.77.27zM12.65 83.47h-.14a1.24 1.24 0 0 1-1.1-1.36l1.25-11.55a1.21 1.21 0 0 1 .45-.83 1.25 1.25 0 0 1 .91-.27l11.55 1.24a1.24 1.24 0 0 1-.26 2.46L15 72.05l-1.13 10.32a1.23 1.23 0 0 1-1.22 1.1z\" fill=\"#20003E\" opacity=\"1\" data-original=\"#000000\" class=\"\"><\/path><\/g><\/svg>\t\t\t\t<\/span>\n\t\t\t<\/div>\n\t\t\t\n\t\t\t\t\t\t<div class=\"elementor-icon-box-content\">\n\n\t\t\t\t\t\t\t\t\t<h3 class=\"elementor-icon-box-title\">\n\t\t\t\t\t\t<span  >\n\t\t\t\t\t\t\tStatus do Pedido\t\t\t\t\t\t<\/span>\n\t\t\t\t\t<\/h3>\n\t\t\t\t\n\t\t\t\t\n\t\t\t<\/div>\n\t\t\t\n\t\t<\/div>\n\t\t\t\t<\/div>\n\t\t\t\t<\/div>\n\t\t\t\t<div class=\"elementor-element elementor-element-a179bf1 elementor-view-default elementor-position-top elementor-widget elementor-widget-icon-box\" data-id=\"a179bf1\" data-element_type=\"widget\" data-widget_type=\"icon-box.default\">\n\t\t\t\t<div class=\"elementor-widget-container\">\n\t\t\t\t\t<div class=\"elementor-icon-box-wrapper\">\n\n\t\t\t\t\t\t<div class=\"elementor-icon-box-icon\">\n\t\t\t\t<span  class=\"elementor-icon elementor-animation-float\">\n\t\t\t\t<svg xmlns=\"http:\/\/www.w3.org\/2000\/svg\" xmlns:xlink=\"http:\/\/www.w3.org\/1999\/xlink\" width=\"512\" height=\"512\" x=\"0\" y=\"0\" viewBox=\"0 0 427.058 427.058\" style=\"enable-background:new 0 0 512 512\" xml:space=\"preserve\" class=\"\"><g><path d=\"M364.845 11.045a19.692 19.692 0 0 0-21.416 3.254l-27.754 24.575-37.76-33.777c-7.586-6.796-19.071-6.796-26.657 0l-37.729 33.745-37.738-33.745c-7.588-6.796-19.074-6.796-26.662 0l-37.77 33.777L83.579 14.3c-8.197-7.286-20.749-6.547-28.035 1.65a19.858 19.858 0 0 0-5.015 13.329v368.5c-.065 10.983 8.786 19.939 19.769 20.004a19.891 19.891 0 0 0 13.331-5.024l27.754-24.575 37.76 33.777c7.586 6.796 19.071 6.796 26.657 0l37.729-33.749 37.735 33.745c7.588 6.795 19.074 6.795 26.662 0l37.77-33.776 27.78 24.574c8.196 7.288 20.748 6.552 28.035-1.644a19.86 19.86 0 0 0 5.018-13.336V29.279a19.685 19.685 0 0 0-11.684-18.234zm-35.94 362.156c-7.587-6.721-19.007-6.691-26.558.071l-37.759 33.776-37.73-33.745c-7.587-6.796-19.073-6.796-26.66 0l-37.734 33.745-37.775-33.776c-7.522-6.761-18.922-6.792-26.481-.072l-27.679 24.568v-53.305l-.1-315.179 27.724 24.569c7.587 6.721 19.007 6.691 26.558-.071l37.759-33.776 37.73 33.745c7.587 6.796 19.073 6.796 26.66 0l37.734-33.745 37.775 33.776c7.522 6.761 18.922 6.792 26.481.072l27.679-24.575v253.312l.1 115.179-27.724-24.569z\" fill=\"#20003E\" opacity=\"1\" data-original=\"#000000\" class=\"\"><\/path><path d=\"M308.322 203.527H118.736c-5.523 0-10 4.477-10 10s4.477 10 10 10h189.586c5.523 0 10-4.477 10-10s-4.478-10-10-10zM218.322 143.527h-99.586c-5.523 0-10 4.477-10 10s4.477 10 10 10h99.586c5.523 0 10-4.477 10-10s-4.478-10-10-10zM308.322 263.527H118.736c-5.523 0-10 4.477-10 10s4.477 10 10 10h189.586c5.523 0 10-4.477 10-10s-4.478-10-10-10z\" fill=\"#20003E\" opacity=\"1\" data-original=\"#000000\" class=\"\"><\/path><\/g><\/svg>\t\t\t\t<\/span>\n\t\t\t<\/div>\n\t\t\t\n\t\t\t\t\t\t<div class=\"elementor-icon-box-content\">\n\n\t\t\t\t\t\t\t\t\t<h3 class=\"elementor-icon-box-title\">\n\t\t\t\t\t\t<span  >\n\t\t\t\t\t\t\tNota Fiscal\t\t\t\t\t\t<\/span>\n\t\t\t\t\t<\/h3>\n\t\t\t\t\n\t\t\t\t\n\t\t\t<\/div>\n\t\t\t\n\t\t<\/div>\n\t\t\t\t<\/div>\n\t\t\t\t<\/div>\n\t\t\t\t\t<\/div>\n\t\t\t\t<\/div>\n\t\t\t\t<\/div>\n\t\t","protected":false},"excerpt":{"rendered":"<p>Bem-vindo \u00e0 \u00c1rea de Membros Preparamos uma \u00e1rea de membros para nossos clientes, onde disponibilizamos diversos materiais e dicas. Fazer Login SOLICITAR CADASTRO Manual Status do Pedido Nota Fiscal<\/p>\n","protected":false},"author":1,"featured_media":0,"parent":0,"menu_order":0,"comment_status":"closed","ping_status":"closed","template":"elementor_header_footer","meta":{"footnotes":""},"class_list":["post-8","page","type-page","status-publish","hentry"],"_links":{"self":[{"href":"https:\/\/cofama.com.br\/membros\/wp-json\/wp\/v2\/pages\/8","targetHints":{"allow":["GET"]}}],"collection":[{"href":"https:\/\/cofama.com.br\/membros\/wp-json\/wp\/v2\/pages"}],"about":[{"href":"https:\/\/cofama.com.br\/membros\/wp-json\/wp\/v2\/types\/page"}],"author":[{"embeddable":true,"href":"https:\/\/cofama.com.br\/membros\/wp-json\/wp\/v2\/users\/1"}],"replies":[{"embeddable":true,"href":"https:\/\/cofama.com.br\/membros\/wp-json\/wp\/v2\/comments?post=8"}],"version-history":[{"count":68,"href":"https:\/\/cofama.com.br\/membros\/wp-json\/wp\/v2\/pages\/8\/revisions"}],"predecessor-version":[{"id":1249,"href":"https:\/\/cofama.com.br\/membros\/wp-json\/wp\/v2\/pages\/8\/revisions\/1249"}],"wp:attachment":[{"href":"https:\/\/cofama.com.br\/membros\/wp-json\/wp\/v2\/media?parent=8"}],"curies":[{"name":"wp","href":"https:\/\/api.w.org\/{rel}","templated":true}]}}